{"id":45,"date":"2019-05-27T20:30:50","date_gmt":"2019-05-27T20:30:50","guid":{"rendered":"http:\/\/kulturbahnhof.net\/?page_id=45"},"modified":"2022-12-20T16:48:23","modified_gmt":"2022-12-20T16:48:23","slug":"cafe-kuba","status":"publish","type":"page","link":"https:\/\/kulturbahnhof-beckum.de\/?page_id=45","title":{"rendered":"Caf\u00e9 Kuba"},"content":{"rendered":"\n<p>Das Caf\u00e9 Kuba hat sein Hauptquartier im Kulturbahnhof Beckum gefunden. <br>Der Kiosk bietet neben einem leckeren Kaffee auch t\u00e4glich frische selbstgemachte Frikadellen und andere Leckereien.<br>Zu den unten genannten \u00d6ffnungszeiten steht auch der Verkauf und die Beratung bzgl. Bustickets und der integrierte DHL-Shop zur Verf\u00fcgung.<\/p>\n\n\n\n<p><\/p>\n\n\n\n<div class=\"wp-block-image\"><figure class=\"alignright is-resized\"><img loading=\"lazy\" decoding=\"async\" src=\"http:\/\/kulturbahnhof.net\/wp-content\/uploads\/2019\/05\/CK-1.png\" alt=\"\" class=\"wp-image-88\" width=\"494\" height=\"239\" srcset=\"https:\/\/kulturbahnhof-beckum.de\/wp-content\/uploads\/2019\/05\/CK-1.png 987w, https:\/\/kulturbahnhof-beckum.de\/wp-content\/uploads\/2019\/05\/CK-1-300x145.png 300w, https:\/\/kulturbahnhof-beckum.de\/wp-content\/uploads\/2019\/05\/CK-1-768x371.png 768w\" sizes=\"auto, (max-width: 494px) 100vw, 494px\" \/><\/figure><\/div>\n\n\n\n<p><strong>\u00d6ffnungszeiten<\/strong>:<br>Montag bis Freitag<br>06 bis 14 Uhr und<br>14:30 bis 17 Uhr <\/p>\n\n\n\n<p><br><br>Sie k\u00f6nnen uns werktags im Caf\u00e9 KuBa pers\u00f6nlich oder unter der Telefonnummer 01712055419 erreichen. <\/p>\n","protected":false},"excerpt":{"rendered":"<p>Das Caf\u00e9 Kuba hat sein Hauptquartier im Kulturbahnhof Beckum gefunden. Der Kiosk bietet neben einem leckeren Kaffee auch t\u00e4glich frische selbstgemachte Frikadellen und andere Leckereien.Zu den unten genannten \u00d6ffnungszeiten steht auch der Verkauf und die Beratung bzgl. Bustickets und der integrierte DHL-Shop zur Verf\u00fcgung. \u00d6ffnungszeiten:Montag bis Freitag06 bis 14 Uhr und14:30 bis 17 Uhr Sie<\/p><\/div>\n<div class=\"blog-btn\"><a href=\"https:\/\/kulturbahnhof-beckum.de\/?page_id=45\" class=\"home-blog-btn\">Weiterlesen<\/a><\/p>\n","protected":false},"author":1,"featured_media":0,"parent":0,"menu_order":0,"comment_status":"closed","ping_status":"closed","template":"","meta":{"footnotes":""},"class_list":["post-45","page","type-page","status-publish","hentry"],"_links":{"self":[{"href":"https:\/\/kulturbahnhof-beckum.de\/index.php?rest_route=\/wp\/v2\/pages\/45","targetHints":{"allow":["GET"]}}],"collection":[{"href":"https:\/\/kulturbahnhof-beckum.de\/index.php?rest_route=\/wp\/v2\/pages"}],"about":[{"href":"https:\/\/kulturbahnhof-beckum.de\/index.php?rest_route=\/wp\/v2\/types\/page"}],"author":[{"embeddable":true,"href":"https:\/\/kulturbahnhof-beckum.de\/index.php?rest_route=\/wp\/v2\/users\/1"}],"replies":[{"embeddable":true,"href":"https:\/\/kulturbahnhof-beckum.de\/index.php?rest_route=%2Fwp%2Fv2%2Fcomments&post=45"}],"version-history":[{"count":13,"href":"https:\/\/kulturbahnhof-beckum.de\/index.php?rest_route=\/wp\/v2\/pages\/45\/revisions"}],"predecessor-version":[{"id":201,"href":"https:\/\/kulturbahnhof-beckum.de\/index.php?rest_route=\/wp\/v2\/pages\/45\/revisions\/201"}],"wp:attachment":[{"href":"https:\/\/kulturbahnhof-beckum.de\/index.php?rest_route=%2Fwp%2Fv2%2Fmedia&parent=45"}],"curies":[{"name":"wp","href":"https:\/\/api.w.org\/{rel}","templated":true}]}}